{"id":169,"date":"2020-08-19T08:46:05","date_gmt":"2020-08-19T08:46:05","guid":{"rendered":"https:\/\/premiumcesped.com\/contact-us\/"},"modified":"2024-05-13T14:03:56","modified_gmt":"2024-05-13T14:03:56","slug":"contact-us-free-estimate","status":"publish","type":"page","link":"https:\/\/premiumcesped.com\/es\/contact-us-free-estimate\/","title":{"rendered":"Contacta con nosotros"},"content":{"rendered":"<div data-elementor-type=\"wp-page\" data-elementor-id=\"169\" class=\"elementor elementor-169\">\n\t\t\t\t<div class=\"elementor-element elementor-element-32bc527 e-flex e-con-boxed e-con e-parent\" data-id=\"32bc527\" data-element_type=\"container\" data-settings=\"{&quot;background_background&quot;:&quot;classic&quot;}\">\n\t\t\t\t\t<div class=\"e-con-inner\">\n\t\t<div class=\"elementor-element elementor-element-917206b e-con-full e-flex e-con e-child\" data-id=\"917206b\" data-element_type=\"container\">\n\t\t\t\t<div class=\"elementor-element elementor-element-78704db elementor-widget elementor-widget-heading\" data-id=\"78704db\" data-element_type=\"widget\" data-widget_type=\"heading.default\">\n\t\t\t\t<div class=\"elementor-widget-container\">\n\t\t\t<style>\/*! elementor - v3.21.0 - 08-05-2024 *\/\n.elementor-heading-title{padding:0;margin:0;line-height:1}.elementor-widget-heading .elementor-heading-title[class*=elementor-size-]>a{color:inherit;font-size:inherit;line-height:inherit}.elementor-widget-heading .elementor-heading-title.elementor-size-small{font-size:15px}.elementor-widget-heading .elementor-heading-title.elementor-size-medium{font-size:19px}.elementor-widget-heading .elementor-heading-title.elementor-size-large{font-size:29px}.elementor-widget-heading .elementor-heading-title.elementor-size-xl{font-size:39px}.elementor-widget-heading .elementor-heading-title.elementor-size-xxl{font-size:59px}<\/style><h1 class=\"elementor-heading-title elementor-size-default\">Contacta con nosotros<\/h1>\t\t<\/div>\n\t\t\t\t<\/div>\n\t\t\t\t<div class=\"elementor-element elementor-element-75eb493 elementor-widget elementor-widget-text-editor\" data-id=\"75eb493\" data-element_type=\"widget\" data-widget_type=\"text-editor.default\">\n\t\t\t\t<div class=\"elementor-widget-container\">\n\t\t\t<style>\/*! elementor - v3.21.0 - 08-05-2024 *\/\n.elementor-widget-text-editor.elementor-drop-cap-view-stacked .elementor-drop-cap{background-color:#69727d;color:#fff}.elementor-widget-text-editor.elementor-drop-cap-view-framed .elementor-drop-cap{color:#69727d;border:3px solid;background-color:transparent}.elementor-widget-text-editor:not(.elementor-drop-cap-view-default) .elementor-drop-cap{margin-top:8px}.elementor-widget-text-editor:not(.elementor-drop-cap-view-default) .elementor-drop-cap-letter{width:1em;height:1em}.elementor-widget-text-editor .elementor-drop-cap{float:left;text-align:center;line-height:1;font-size:50px}.elementor-widget-text-editor .elementor-drop-cap-letter{display:inline-block}<\/style>\t\t\t\t<p>Ponte en contacto con nosotros en PremiumCesped. Estamos aqu\u00ed para responder cualquier pregunta que pueda tener y ayudarlo a encontrar la soluci\u00f3n de c\u00e9sped artificial perfecta para su proyecto. Comun\u00edquese con nosotros hoy para comenzar a transformar su espacio al aire libre con facilidad.<\/p>\t\t\t\t\t\t<\/div>\n\t\t\t\t<\/div>\n\t\t\t\t<\/div>\n\t\t\t\t\t<\/div>\n\t\t\t\t<\/div>\n\t\t<div class=\"elementor-element elementor-element-033be17 e-flex e-con-boxed e-con e-parent\" data-id=\"033be17\" data-element_type=\"container\">\n\t\t\t\t\t<div class=\"e-con-inner\">\n\t\t<div class=\"elementor-element elementor-element-0836ae7 e-con-full e-flex e-con e-child\" data-id=\"0836ae7\" data-element_type=\"container\">\n\t\t\t\t<div class=\"elementor-element elementor-element-5fbefe6 elementor-widget elementor-widget-heading\" data-id=\"5fbefe6\" data-element_type=\"widget\" data-widget_type=\"heading.default\">\n\t\t\t\t<div class=\"elementor-widget-container\">\n\t\t\t<h2 class=\"elementor-heading-title elementor-size-default\">Solicite un presupuesto gratuito<\/h2>\t\t<\/div>\n\t\t\t\t<\/div>\n\t\t\t\t<div class=\"elementor-element elementor-element-5583cd0 elementor-widget elementor-widget-text-editor\" data-id=\"5583cd0\" data-element_type=\"widget\" data-widget_type=\"text-editor.default\">\n\t\t\t\t<div class=\"elementor-widget-container\">\n\t\t\t\t\t\t\t<p>Solicita hoy tu Presupuesto Gratuito con PremiumCesped. Da el primer paso para potenciar tu espacio exterior sin ning\u00fan coste ni compromiso. Nuestro equipo est\u00e1 listo para brindarle una evaluaci\u00f3n personalizada y una cotizaci\u00f3n adaptada a sus necesidades. \u00a1Empiece ahora y vea c\u00f3mo podemos hacer realidad su visi\u00f3n!<\/p>\t\t\t\t\t\t<\/div>\n\t\t\t\t<\/div>\n\t\t\t\t<div class=\"elementor-element elementor-element-e503c67 elementor-position-left elementor-view-stacked elementor-widget__width-inherit elementor-widget-mobile__width-inherit elementor-shape-circle elementor-mobile-position-top elementor-vertical-align-top elementor-widget elementor-widget-icon-box\" data-id=\"e503c67\" data-element_type=\"widget\" data-widget_type=\"icon-box.default\">\n\t\t\t\t<div class=\"elementor-widget-container\">\n\t\t\t<link rel=\"stylesheet\" href=\"https:\/\/premiumcesped.com\/wp-content\/plugins\/elementor\/assets\/css\/widget-icon-box.min.css\">\t\t<div class=\"elementor-icon-box-wrapper\">\n\n\t\t\t\t\t\t<div class=\"elementor-icon-box-icon\">\n\t\t\t\t<span  class=\"elementor-icon elementor-animation-\">\n\t\t\t\t<svg aria-hidden=\"true\" class=\"e-font-icon-svg e-fas-map-marker-alt\" viewbox=\"0 0 384 512\" xmlns=\"http:\/\/www.w3.org\/2000\/svg\"><path d=\"M172.268 501.67C26.97 291.031 0 269.413 0 192 0 85.961 85.961 0 192 0s192 85.961 192 192c0 77.413-26.97 99.031-172.268 309.67-9.535 13.774-29.93 13.773-39.464 0zM192 272c44.183 0 80-35.817 80-80s-35.817-80-80-80-80 35.817-80 80 35.817 80 80 80z\"><\/path><\/svg>\t\t\t\t<\/span>\n\t\t\t<\/div>\n\t\t\t\n\t\t\t\t\t\t<div class=\"elementor-icon-box-content\">\n\n\t\t\t\t\t\t\t\t\t<h5 class=\"elementor-icon-box-title\">\n\t\t\t\t\t\t<span  >\n\t\t\t\t\t\t\tDirecci\u00f3n\t\t\t\t\t\t<\/span>\n\t\t\t\t\t<\/h5>\n\t\t\t\t\n\t\t\t\t\t\t\t\t\t<p class=\"elementor-icon-box-description\">\n\t\t\t\t\t\tAv. Pla de Messell, 5, 03560 El Campello, Alicante\t\t\t\t\t<\/p>\n\t\t\t\t\n\t\t\t<\/div>\n\t\t\t\n\t\t<\/div>\n\t\t\t\t<\/div>\n\t\t\t\t<\/div>\n\t\t<div class=\"elementor-element elementor-element-ef0ae79 e-flex e-con-boxed e-con e-child\" data-id=\"ef0ae79\" data-element_type=\"container\">\n\t\t\t\t\t<div class=\"e-con-inner\">\n\t\t\t\t<div class=\"elementor-element elementor-element-e0f1e69 elementor-position-left elementor-view-stacked elementor-widget__width-initial elementor-widget-mobile__width-inherit elementor-shape-circle elementor-mobile-position-top elementor-vertical-align-top elementor-widget elementor-widget-icon-box\" data-id=\"e0f1e69\" data-element_type=\"widget\" data-widget_type=\"icon-box.default\">\n\t\t\t\t<div class=\"elementor-widget-container\">\n\t\t\t\t\t<div class=\"elementor-icon-box-wrapper\">\n\n\t\t\t\t\t\t<div class=\"elementor-icon-box-icon\">\n\t\t\t\t<span  class=\"elementor-icon elementor-animation-\">\n\t\t\t\t<svg aria-hidden=\"true\" class=\"e-font-icon-svg e-fas-phone\" viewbox=\"0 0 512 512\" xmlns=\"http:\/\/www.w3.org\/2000\/svg\"><path d=\"M493.4 24.6l-104-24c-11.3-2.6-22.9 3.3-27.5 13.9l-48 112c-4.2 9.8-1.4 21.3 6.9 28l60.6 49.6c-36 76.7-98.9 140.5-177.2 177.2l-49.6-60.6c-6.8-8.3-18.2-11.1-28-6.9l-112 48C3.9 366.5-2 378.1.6 389.4l24 104C27.1 504.2 36.7 512 48 512c256.1 0 464-207.5 464-464 0-11.2-7.7-20.9-18.6-23.4z\"><\/path><\/svg>\t\t\t\t<\/span>\n\t\t\t<\/div>\n\t\t\t\n\t\t\t\t\t\t<div class=\"elementor-icon-box-content\">\n\n\t\t\t\t\t\t\t\t\t<h5 class=\"elementor-icon-box-title\">\n\t\t\t\t\t\t<span  >\n\t\t\t\t\t\t\tLl\u00e1manos\t\t\t\t\t\t<\/span>\n\t\t\t\t\t<\/h5>\n\t\t\t\t\n\t\t\t\t\t\t\t\t\t<p class=\"elementor-icon-box-description\">\n\t\t\t\t\t\t+34 693-58-55-97\t\t\t\t\t<\/p>\n\t\t\t\t\n\t\t\t<\/div>\n\t\t\t\n\t\t<\/div>\n\t\t\t\t<\/div>\n\t\t\t\t<\/div>\n\t\t\t\t<div class=\"elementor-element elementor-element-d818d61 elementor-position-left elementor-view-stacked elementor-widget__width-initial elementor-widget-mobile__width-inherit elementor-shape-circle elementor-mobile-position-top elementor-vertical-align-top elementor-widget elementor-widget-icon-box\" data-id=\"d818d61\" data-element_type=\"widget\" data-widget_type=\"icon-box.default\">\n\t\t\t\t<div class=\"elementor-widget-container\">\n\t\t\t\t\t<div class=\"elementor-icon-box-wrapper\">\n\n\t\t\t\t\t\t<div class=\"elementor-icon-box-icon\">\n\t\t\t\t<span  class=\"elementor-icon elementor-animation-\">\n\t\t\t\t<svg aria-hidden=\"true\" class=\"e-font-icon-svg e-fas-envelope\" viewbox=\"0 0 512 512\" xmlns=\"http:\/\/www.w3.org\/2000\/svg\"><path d=\"M502.3 190.8c3.9-3.1 9.7-.2 9.7 4.7V400c0 26.5-21.5 48-48 48H48c-26.5 0-48-21.5-48-48V195.6c0-5 5.7-7.8 9.7-4.7 22.4 17.4 52.1 39.5 154.1 113.6 21.1 15.4 56.7 47.8 92.2 47.6 35.7.3 72-32.8 92.3-47.6 102-74.1 131.6-96.3 154-113.7zM256 320c23.2.4 56.6-29.2 73.4-41.4 132.7-96.3 142.8-104.7 173.4-128.7 5.8-4.5 9.2-11.5 9.2-18.9v-19c0-26.5-21.5-48-48-48H48C21.5 64 0 85.5 0 112v19c0 7.4 3.4 14.3 9.2 18.9 30.6 23.9 40.7 32.4 173.4 128.7 16.8 12.2 50.2 41.8 73.4 41.4z\"><\/path><\/svg>\t\t\t\t<\/span>\n\t\t\t<\/div>\n\t\t\t\n\t\t\t\t\t\t<div class=\"elementor-icon-box-content\">\n\n\t\t\t\t\t\t\t\t\t<h5 class=\"elementor-icon-box-title\">\n\t\t\t\t\t\t<span  >\n\t\t\t\t\t\t\tEnv\u00edanos un correo electr\u00f3nico\t\t\t\t\t\t<\/span>\n\t\t\t\t\t<\/h5>\n\t\t\t\t\n\t\t\t\t\t\t\t\t\t<p class=\"elementor-icon-box-description\">\n\t\t\t\t\t\tinfo@premiumcesped.com\t\t\t\t\t<\/p>\n\t\t\t\t\n\t\t\t<\/div>\n\t\t\t\n\t\t<\/div>\n\t\t\t\t<\/div>\n\t\t\t\t<\/div>\n\t\t\t\t\t<\/div>\n\t\t\t\t<\/div>\n\t\t\t\t<\/div>\n\t\t<div class=\"elementor-element elementor-element-c79b494 e-con-full e-flex e-con e-child\" data-id=\"c79b494\" data-element_type=\"container\" data-settings=\"{&quot;background_background&quot;:&quot;classic&quot;}\">\n\t\t\t\t<div class=\"elementor-element elementor-element-3b7a27f elementor-widget elementor-widget-wpforms\" data-id=\"3b7a27f\" data-element_type=\"widget\" data-widget_type=\"wpforms.default\">\n\t\t\t\t<div class=\"elementor-widget-container\">\n\t\t\t<div class=\"wpforms-container\" id=\"wpforms-1649\"><form id=\"wpforms-form-1649\" class=\"wpforms-validate wpforms-form\" data-formid=\"1649\" method=\"post\" enctype=\"multipart\/form-data\" action=\"\/es\/wp-json\/wp\/v2\/pages\/169\" data-token=\"68c1ce2d8800daed52ae8569d0fb7bf6\" data-token-time=\"1775317679\" data-trp-original-action=\"\/es\/wp-json\/wp\/v2\/pages\/169\"><noscript class=\"wpforms-error-noscript\">Por favor, activa JavaScript en tu navegador para completar este formulario.<\/noscript><div class=\"wpforms-field-container\"><div id=\"wpforms-1649-field_0-container\" class=\"wpforms-field wpforms-field-name\" data-field-id=\"0\"><label class=\"wpforms-field-label wpforms-label-hide\" for=\"wpforms-1649-field_0\">Name <span class=\"wpforms-required-label\">*<\/span><\/label><input type=\"text\" id=\"wpforms-1649-field_0\" class=\"wpforms-field-large wpforms-field-required\" name=\"wpforms[fields][0]\" placeholder=\"Nombre completo*\" required><\/div><div id=\"wpforms-1649-field_1-container\" class=\"wpforms-field wpforms-field-email\" data-field-id=\"1\"><label class=\"wpforms-field-label wpforms-label-hide\" for=\"wpforms-1649-field_1\">Email <span class=\"wpforms-required-label\">*<\/span><\/label><input type=\"email\" id=\"wpforms-1649-field_1\" class=\"wpforms-field-large wpforms-field-required\" name=\"wpforms[fields][1]\" placeholder=\"Correo electr\u00f3nico activo*\" spellcheck=\"false\" required><\/div><div id=\"wpforms-1649-field_3-container\" class=\"wpforms-field wpforms-field-text\" data-field-id=\"3\"><label class=\"wpforms-field-label wpforms-label-hide\" for=\"wpforms-1649-field_3\">Phone <span class=\"wpforms-required-label\">*<\/span><\/label><input type=\"text\" id=\"wpforms-1649-field_3\" class=\"wpforms-field-large wpforms-field-required\" name=\"wpforms[fields][3]\" placeholder=\"N\u00famero de tel\u00e9fono*\" required><\/div><div id=\"wpforms-1649-field_5-container\" class=\"wpforms-field wpforms-field-text\" data-field-id=\"5\"><label class=\"wpforms-field-label wpforms-label-hide\" for=\"wpforms-1649-field_5\">Subject <span class=\"wpforms-required-label\">*<\/span><\/label><input type=\"text\" id=\"wpforms-1649-field_5\" class=\"wpforms-field-large wpforms-field-required\" name=\"wpforms[fields][5]\" placeholder=\"Sujeto*\" required><\/div><div id=\"wpforms-1649-field_2-container\" class=\"wpforms-field wpforms-field-textarea\" data-field-id=\"2\"><label class=\"wpforms-field-label wpforms-label-hide\" for=\"wpforms-1649-field_2\">Comment or Message <span class=\"wpforms-required-label\">*<\/span><\/label><textarea id=\"wpforms-1649-field_2\" class=\"wpforms-field-medium wpforms-field-required\" name=\"wpforms[fields][2]\" placeholder=\"Mensaje*\" required><\/textarea><\/div><\/div><!-- .wpforms-field-container --><div class=\"wpforms-submit-container\" ><input type=\"hidden\" name=\"wpforms[id]\" value=\"1649\"><input type=\"hidden\" name=\"page_title\" value=\"\"><input type=\"hidden\" name=\"page_url\" value=\"https:\/\/premiumcesped.com\/es\/wp-json\/wp\/v2\/pages\/169\"><button type=\"submit\" name=\"wpforms[submit]\" id=\"wpforms-submit-1649\" class=\"wpforms-submit\" data-alt-text=\"Sending...\" data-submit-text=\"Send Request\" aria-live=\"assertive\" value=\"wpforms-submit\">Enviar petici\u00f3n<\/button><\/div><input type=\"hidden\" name=\"trp-form-language\" value=\"es\"\/><\/form><\/div>  <!-- .wpforms-container -->\t\t<\/div>\n\t\t\t\t<\/div>\n\t\t\t\t<div class=\"elementor-element elementor-element-99163cc elementor-align-right elementor-widget__width-auto elementor-absolute elementor-icon-list--layout-traditional elementor-list-item-link-full_width elementor-widget elementor-widget-icon-list\" data-id=\"99163cc\" data-element_type=\"widget\" data-settings=\"{&quot;_position&quot;:&quot;absolute&quot;}\" data-widget_type=\"icon-list.default\">\n\t\t\t\t<div class=\"elementor-widget-container\">\n\t\t\t<link rel=\"stylesheet\" href=\"https:\/\/premiumcesped.com\/wp-content\/plugins\/elementor\/assets\/css\/widget-icon-list.min.css\">\t\t<ul class=\"elementor-icon-list-items\">\n\t\t\t\t\t\t\t<li class=\"elementor-icon-list-item\">\n\t\t\t\t\t\t\t\t\t\t\t<span class=\"elementor-icon-list-icon\">\n\t\t\t\t\t\t\t<svg aria-hidden=\"true\" class=\"e-font-icon-svg e-fas-asterisk\" viewbox=\"0 0 512 512\" xmlns=\"http:\/\/www.w3.org\/2000\/svg\"><path d=\"M478.21 334.093L336 256l142.21-78.093c11.795-6.477 15.961-21.384 9.232-33.037l-19.48-33.741c-6.728-11.653-21.72-15.499-33.227-8.523L296 186.718l3.475-162.204C299.763 11.061 288.937 0 275.48 0h-38.96c-13.456 0-24.283 11.061-23.994 24.514L216 186.718 77.265 102.607c-11.506-6.976-26.499-3.13-33.227 8.523l-19.48 33.741c-6.728 11.653-2.562 26.56 9.233 33.037L176 256 33.79 334.093c-11.795 6.477-15.961 21.384-9.232 33.037l19.48 33.741c6.728 11.653 21.721 15.499 33.227 8.523L216 325.282l-3.475 162.204C212.237 500.939 223.064 512 236.52 512h38.961c13.456 0 24.283-11.061 23.995-24.514L296 325.282l138.735 84.111c11.506 6.976 26.499 3.13 33.227-8.523l19.48-33.741c6.728-11.653 2.563-26.559-9.232-33.036z\"><\/path><\/svg>\t\t\t\t\t\t<\/span>\n\t\t\t\t\t\t\t\t\t\t<span class=\"elementor-icon-list-text\">Campos requeridos<\/span>\n\t\t\t\t\t\t\t\t\t<\/li>\n\t\t\t\t\t\t<\/ul>\n\t\t\t\t<\/div>\n\t\t\t\t<\/div>\n\t\t\t\t<\/div>\n\t\t\t\t\t<\/div>\n\t\t\t\t<\/div>\n\t\t<div class=\"elementor-element elementor-element-f5afb26 e-con-full e-flex e-con e-parent\" data-id=\"f5afb26\" data-element_type=\"container\">\n\t\t<div class=\"elementor-element elementor-element-02e30c1 e-con-full e-flex e-con e-child\" data-id=\"02e30c1\" data-element_type=\"container\">\n\t\t\t\t<div class=\"elementor-element elementor-element-95a202c elementor-widget elementor-widget-google_maps\" data-id=\"95a202c\" data-element_type=\"widget\" data-widget_type=\"google_maps.default\">\n\t\t\t\t<div class=\"elementor-widget-container\">\n\t\t\t<style>\/*! elementor - v3.21.0 - 08-05-2024 *\/\n.elementor-widget-google_maps .elementor-widget-container{overflow:hidden}.elementor-widget-google_maps .elementor-custom-embed{line-height:0}.elementor-widget-google_maps iframe{height:300px}<\/style>\t\t<div class=\"elementor-custom-embed\">\n\t\t\t<iframe loading=\"lazy\"\n\t\t\t\t\tsrc=\"https:\/\/maps.google.com\/maps?q=%20Av.%20Pla%20de%20Messell%2C%203%2C%2003560%20El%20Campello%2C%20Alicante&#038;t=m&#038;z=16&#038;output=embed&#038;iwloc=near\"\n\t\t\t\t\ttitle=\" Av. Pla de Messell, 3, 03560 El Campello, Alicante\"\n\t\t\t\t\taria-label=\" Av. Pla de Messell, 3, 03560 El Campello, Alicante\"\n\t\t\t><\/iframe>\n\t\t<\/div>\n\t\t\t\t<\/div>\n\t\t\t\t<\/div>\n\t\t\t\t<\/div>\n\t\t\t\t<\/div>\n\t\t\t\t<\/div>","protected":false},"excerpt":{"rendered":"<p>Contact Us Get in touch with us at PremiumCesped. We&#8217;re here to answer any questions you may have and assist you in finding the perfect artificial grass solution for your project. Reach out to us today to start transforming your outdoor space with ease. Request a Free Estimate Request your Free Estimate with PremiumCesped today. [&hellip;]<\/p>","protected":false},"author":1,"featured_media":0,"parent":0,"menu_order":0,"comment_status":"closed","ping_status":"closed","template":"","meta":{"site-sidebar-layout":"no-sidebar","site-content-layout":"page-builder","ast-site-content-layout":"full-width-container","site-content-style":"unboxed","site-sidebar-style":"unboxed","ast-global-header-display":"","ast-banner-title-visibility":"","ast-main-header-display":"","ast-hfb-above-header-display":"","ast-hfb-below-header-display":"","ast-hfb-mobile-header-display":"","site-post-title":"disabled","ast-breadcrumbs-content":"","ast-featured-img":"disabled","footer-sml-layout":"","theme-transparent-header-meta":"enabled","adv-header-id-meta":"","stick-header-meta":"","header-above-stick-meta":"","header-main-stick-meta":"","header-below-stick-meta":"","astra-migrate-meta-layouts":"set","ast-page-background-enabled":"default","ast-page-background-meta":{"desktop":{"background-color":"","background-image":"","background-repeat":"repeat","background-position":"center center","background-size":"auto","background-attachment":"scroll","background-type":"","background-media":"","overlay-type":"","overlay-color":"","overlay-gradient":""},"tablet":{"background-color":"","background-image":"","background-repeat":"repeat","background-position":"center center","background-size":"auto","background-attachment":"scroll","background-type":"","background-media":"","overlay-type":"","overlay-color":"","overlay-gradient":""},"mobile":{"background-color":"","background-image":"","background-repeat":"repeat","background-position":"center center","background-size":"auto","background-attachment":"scroll","background-type":"","background-media":"","overlay-type":"","overlay-color":"","overlay-gradient":""}},"ast-content-background-meta":{"desktop":{"background-color":"var(--ast-global-color-5)","background-image":"","background-repeat":"repeat","background-position":"center center","background-size":"auto","background-attachment":"scroll","background-type":"","background-media":"","overlay-type":"","overlay-color":"","overlay-gradient":""},"tablet":{"background-color":"var(--ast-global-color-5)","background-image":"","background-repeat":"repeat","background-position":"center center","background-size":"auto","background-attachment":"scroll","background-type":"","background-media":"","overlay-type":"","overlay-color":"","overlay-gradient":""},"mobile":{"background-color":"var(--ast-global-color-5)","background-image":"","background-repeat":"repeat","background-position":"center center","background-size":"auto","background-attachment":"scroll","background-type":"","background-media":"","overlay-type":"","overlay-color":"","overlay-gradient":""}},"footnotes":""},"yoast_head":"<!-- This site is optimized with the Yoast SEO plugin v22.6 - https:\/\/yoast.com\/wordpress\/plugins\/seo\/ -->\n<title>Contact Us - Premium Cesped<\/title>\n<meta name=\"description\" content=\"Tienes preguntas sobre el c\u00e9sped artificial? \u00a1Premium C\u00e9sped est\u00e1 aqu\u00ed para ayudarte! Cont\u00e1ctenos para obtener asistencia amigable y experta.\" \/>\n<meta name=\"robots\" content=\"index, follow, max-snippet:-1, max-image-preview:large, max-video-preview:-1\" \/>\n<link rel=\"canonical\" href=\"https:\/\/premiumcesped.com\/es\/contact-us-free-estimate\/\" \/>\n<meta property=\"og:locale\" content=\"es_ES\" \/>\n<meta property=\"og:type\" content=\"article\" \/>\n<meta property=\"og:title\" content=\"Contact Us - Premium Cesped\" \/>\n<meta property=\"og:description\" content=\"Tienes preguntas sobre el c\u00e9sped artificial? \u00a1Premium C\u00e9sped est\u00e1 aqu\u00ed para ayudarte! Cont\u00e1ctenos para obtener asistencia amigable y experta.\" \/>\n<meta property=\"og:url\" content=\"https:\/\/premiumcesped.com\/es\/contact-us-free-estimate\/\" \/>\n<meta property=\"og:site_name\" content=\"Premium Cesped\" \/>\n<meta property=\"article:modified_time\" content=\"2024-05-13T14:03:56+00:00\" \/>\n<meta name=\"twitter:card\" content=\"summary_large_image\" \/>\n<meta name=\"twitter:label1\" content=\"Tiempo de lectura\" \/>\n\t<meta name=\"twitter:data1\" content=\"1 minuto\" \/>\n<script type=\"application\/ld+json\" class=\"yoast-schema-graph\">{\"@context\":\"https:\/\/schema.org\",\"@graph\":[{\"@type\":\"WebPage\",\"@id\":\"https:\/\/premiumcesped.com\/contact-us-free-estimate\/\",\"url\":\"https:\/\/premiumcesped.com\/contact-us-free-estimate\/\",\"name\":\"Contact Us - Premium Cesped\",\"isPartOf\":{\"@id\":\"https:\/\/premiumcesped.com\/#website\"},\"datePublished\":\"2020-08-19T08:46:05+00:00\",\"dateModified\":\"2024-05-13T14:03:56+00:00\",\"description\":\"Tienes preguntas sobre el c\u00e9sped artificial? \u00a1Premium C\u00e9sped est\u00e1 aqu\u00ed para ayudarte! Cont\u00e1ctenos para obtener asistencia amigable y experta.\",\"breadcrumb\":{\"@id\":\"https:\/\/premiumcesped.com\/contact-us-free-estimate\/#breadcrumb\"},\"inLanguage\":\"es\",\"potentialAction\":[{\"@type\":\"ReadAction\",\"target\":[\"https:\/\/premiumcesped.com\/contact-us-free-estimate\/\"]}]},{\"@type\":\"BreadcrumbList\",\"@id\":\"https:\/\/premiumcesped.com\/contact-us-free-estimate\/#breadcrumb\",\"itemListElement\":[{\"@type\":\"ListItem\",\"position\":1,\"name\":\"Home\",\"item\":\"https:\/\/premiumcesped.com\/\"},{\"@type\":\"ListItem\",\"position\":2,\"name\":\"Contact Us\"}]},{\"@type\":\"WebSite\",\"@id\":\"https:\/\/premiumcesped.com\/#website\",\"url\":\"https:\/\/premiumcesped.com\/\",\"name\":\"premiumcesped.com\",\"description\":\"Your Premium Artificial Grass\",\"publisher\":{\"@id\":\"https:\/\/premiumcesped.com\/#organization\"},\"potentialAction\":[{\"@type\":\"SearchAction\",\"target\":{\"@type\":\"EntryPoint\",\"urlTemplate\":\"https:\/\/premiumcesped.com\/?s={search_term_string}\"},\"query-input\":\"required name=search_term_string\"}],\"inLanguage\":\"es\"},{\"@type\":\"Organization\",\"@id\":\"https:\/\/premiumcesped.com\/#organization\",\"name\":\"Premium Cesped\",\"url\":\"https:\/\/premiumcesped.com\/\",\"logo\":{\"@type\":\"ImageObject\",\"inLanguage\":\"es\",\"@id\":\"https:\/\/premiumcesped.com\/#\/schema\/logo\/image\/\",\"url\":\"https:\/\/premiumcesped.com\/wp-content\/uploads\/2024\/04\/cropped-Premium-Cesped.png\",\"contentUrl\":\"https:\/\/premiumcesped.com\/wp-content\/uploads\/2024\/04\/cropped-Premium-Cesped.png\",\"width\":160,\"height\":74,\"caption\":\"Premium Cesped\"},\"image\":{\"@id\":\"https:\/\/premiumcesped.com\/#\/schema\/logo\/image\/\"}}]}<\/script>\n<!-- \/ Yoast SEO plugin. -->","yoast_head_json":{"title":"Contact Us - Premium Cesped","description":"Tienes preguntas sobre el c\u00e9sped artificial? \u00a1Premium C\u00e9sped est\u00e1 aqu\u00ed para ayudarte! Cont\u00e1ctenos para obtener asistencia amigable y experta.","robots":{"index":"index","follow":"follow","max-snippet":"max-snippet:-1","max-image-preview":"max-image-preview:large","max-video-preview":"max-video-preview:-1"},"canonical":"https:\/\/premiumcesped.com\/es\/contact-us-free-estimate\/","og_locale":"es_ES","og_type":"article","og_title":"Contact Us - Premium Cesped","og_description":"Tienes preguntas sobre el c\u00e9sped artificial? \u00a1Premium C\u00e9sped est\u00e1 aqu\u00ed para ayudarte! Cont\u00e1ctenos para obtener asistencia amigable y experta.","og_url":"https:\/\/premiumcesped.com\/es\/contact-us-free-estimate\/","og_site_name":"Premium Cesped","article_modified_time":"2024-05-13T14:03:56+00:00","twitter_card":"summary_large_image","twitter_misc":{"Tiempo de lectura":"1 minuto"},"schema":{"@context":"https:\/\/schema.org","@graph":[{"@type":"WebPage","@id":"https:\/\/premiumcesped.com\/contact-us-free-estimate\/","url":"https:\/\/premiumcesped.com\/contact-us-free-estimate\/","name":"Contact Us - Premium Cesped","isPartOf":{"@id":"https:\/\/premiumcesped.com\/#website"},"datePublished":"2020-08-19T08:46:05+00:00","dateModified":"2024-05-13T14:03:56+00:00","description":"Tienes preguntas sobre el c\u00e9sped artificial? \u00a1Premium C\u00e9sped est\u00e1 aqu\u00ed para ayudarte! Cont\u00e1ctenos para obtener asistencia amigable y experta.","breadcrumb":{"@id":"https:\/\/premiumcesped.com\/contact-us-free-estimate\/#breadcrumb"},"inLanguage":"es","potentialAction":[{"@type":"ReadAction","target":["https:\/\/premiumcesped.com\/contact-us-free-estimate\/"]}]},{"@type":"BreadcrumbList","@id":"https:\/\/premiumcesped.com\/contact-us-free-estimate\/#breadcrumb","itemListElement":[{"@type":"ListItem","position":1,"name":"Home","item":"https:\/\/premiumcesped.com\/"},{"@type":"ListItem","position":2,"name":"Contact Us"}]},{"@type":"WebSite","@id":"https:\/\/premiumcesped.com\/#website","url":"https:\/\/premiumcesped.com\/","name":"premiumcesped.com","description":"Your Premium Artificial Grass","publisher":{"@id":"https:\/\/premiumcesped.com\/#organization"},"potentialAction":[{"@type":"SearchAction","target":{"@type":"EntryPoint","urlTemplate":"https:\/\/premiumcesped.com\/?s={search_term_string}"},"query-input":"required name=search_term_string"}],"inLanguage":"es"},{"@type":"Organization","@id":"https:\/\/premiumcesped.com\/#organization","name":"Premium Cesped","url":"https:\/\/premiumcesped.com\/","logo":{"@type":"ImageObject","inLanguage":"es","@id":"https:\/\/premiumcesped.com\/#\/schema\/logo\/image\/","url":"https:\/\/premiumcesped.com\/wp-content\/uploads\/2024\/04\/cropped-Premium-Cesped.png","contentUrl":"https:\/\/premiumcesped.com\/wp-content\/uploads\/2024\/04\/cropped-Premium-Cesped.png","width":160,"height":74,"caption":"Premium Cesped"},"image":{"@id":"https:\/\/premiumcesped.com\/#\/schema\/logo\/image\/"}}]}},"_links":{"self":[{"href":"https:\/\/premiumcesped.com\/es\/wp-json\/wp\/v2\/pages\/169"}],"collection":[{"href":"https:\/\/premiumcesped.com\/es\/wp-json\/wp\/v2\/pages"}],"about":[{"href":"https:\/\/premiumcesped.com\/es\/wp-json\/wp\/v2\/types\/page"}],"author":[{"embeddable":true,"href":"https:\/\/premiumcesped.com\/es\/wp-json\/wp\/v2\/users\/1"}],"replies":[{"embeddable":true,"href":"https:\/\/premiumcesped.com\/es\/wp-json\/wp\/v2\/comments?post=169"}],"version-history":[{"count":37,"href":"https:\/\/premiumcesped.com\/es\/wp-json\/wp\/v2\/pages\/169\/revisions"}],"predecessor-version":[{"id":2087,"href":"https:\/\/premiumcesped.com\/es\/wp-json\/wp\/v2\/pages\/169\/revisions\/2087"}],"wp:attachment":[{"href":"https:\/\/premiumcesped.com\/es\/wp-json\/wp\/v2\/media?parent=169"}],"curies":[{"name":"wp","href":"https:\/\/api.w.org\/{rel}","templated":true}]}}